{"id":227,"date":"2025-02-02T22:45:07","date_gmt":"2025-02-02T21:45:07","guid":{"rendered":"http:\/\/propss.pl\/?page_id=227"},"modified":"2026-03-26T19:48:39","modified_gmt":"2026-03-26T18:48:39","slug":"o-marce","status":"publish","type":"page","link":"http:\/\/propss.pl\/index.php\/o-marce\/","title":{"rendered":"O marce"},"content":{"rendered":"\t\t<div data-elementor-type=\"wp-page\" data-elementor-id=\"227\" class=\"elementor elementor-227\" data-elementor-post-type=\"page\">\n\t\t\t\t\t\t<section class=\"elementor-section elementor-top-section elementor-element elementor-element-74cdd03 elementor-section-boxed elementor-section-height-default elementor-section-height-default elementor-invisible\" data-id=\"74cdd03\" data-element_type=\"section\" data-settings=\"{&quot;animation&quot;:&quot;fadeInDown&quot;}\">\n\t\t\t\t\t\t<div class=\"elementor-container elementor-column-gap-default\">\n\t\t\t\t\t<div class=\"elementor-column elementor-col-50 elementor-top-column elementor-element elementor-element-7672079\" data-id=\"7672079\" data-element_type=\"column\">\n\t\t\t<div class=\"elementor-widget-wrap elementor-element-populated\">\n\t\t\t\t\t\t<div class=\"elementor-element elementor-element-6e93052 elementor-widget elementor-widget-image\" data-id=\"6e93052\" data-element_type=\"widget\" data-widget_type=\"image.default\">\n\t\t\t\t<div class=\"elementor-widget-container\">\n\t\t\t\t\t\t\t\t\t\t\t\t\t\t\t\t<a href=\"http:\/\/propss.pl\">\n\t\t\t\t\t\t\t<img fetchpriority=\"high\" decoding=\"async\" width=\"2055\" height=\"2145\" src=\"https:\/\/propss.pl\/wp-content\/uploads\/2025\/02\/butelki-razem-tlo.jpg\" class=\"elementor-animation-grow attachment-full size-full wp-image-70\" alt=\"\" srcset=\"https:\/\/propss.pl\/wp-content\/uploads\/2025\/02\/butelki-razem-tlo.jpg 2055w, https:\/\/propss.pl\/wp-content\/uploads\/2025\/02\/butelki-razem-tlo-287x300.jpg 287w, https:\/\/propss.pl\/wp-content\/uploads\/2025\/02\/butelki-razem-tlo-981x1024.jpg 981w, https:\/\/propss.pl\/wp-content\/uploads\/2025\/02\/butelki-razem-tlo-768x802.jpg 768w, https:\/\/propss.pl\/wp-content\/uploads\/2025\/02\/butelki-razem-tlo-1472x1536.jpg 1472w, https:\/\/propss.pl\/wp-content\/uploads\/2025\/02\/butelki-razem-tlo-1962x2048.jpg 1962w, https:\/\/propss.pl\/wp-content\/uploads\/2025\/02\/butelki-razem-tlo-600x626.jpg 600w, https:\/\/propss.pl\/wp-content\/uploads\/2025\/02\/butelki-razem-tlo-163x170.jpg 163w\" sizes=\"(max-width: 2055px) 100vw, 2055px\" \/>\t\t\t\t\t\t\t\t<\/a>\n\t\t\t\t\t\t\t\t\t\t\t\t\t\t\t<\/div>\n\t\t\t\t<\/div>\n\t\t\t\t\t<\/div>\n\t\t<\/div>\n\t\t\t\t<div class=\"elementor-column elementor-col-50 elementor-top-column elementor-element elementor-element-0191687\" data-id=\"0191687\" data-element_type=\"column\">\n\t\t\t<div class=\"elementor-widget-wrap elementor-element-populated\">\n\t\t\t\t\t\t<div class=\"elementor-element elementor-element-67ba3fa elementor-widget elementor-widget-heading\" data-id=\"67ba3fa\" data-element_type=\"widget\" data-widget_type=\"heading.default\">\n\t\t\t\t<div class=\"elementor-widget-container\">\n\t\t\t\t\t<h2 class=\"elementor-heading-title elementor-size-default\">TRZEJ PRZYJACIELE... Z PROPSS<\/h2>\t\t\t\t<\/div>\n\t\t\t\t<\/div>\n\t\t\t\t<div class=\"elementor-element elementor-element-024b3dc elementor-widget elementor-widget-text-editor\" data-id=\"024b3dc\" data-element_type=\"widget\" data-widget_type=\"text-editor.default\">\n\t\t\t\t<div class=\"elementor-widget-container\">\n\t\t\t\t\t\t\t\t\t<p>Marka PROPSS to alternatywne podej\u015bcie do rynku napoj\u00f3w bezalkoholowych. Pierwszym filarem \u0142\u0105cz\u0105cym ka\u017cdy nasz nap\u00f3j jest PROPOLIS potocznie nazywany kitem pszczelim. Dla cz\u0142owieka<br \/>jest wspania\u0142\u0105 substancj\u0105 w walce z wirusami, bakteriami i grzybami.<\/p><p>Drugim filarem jest STEVIA znana jako bezkonkurencyjny s\u0142odzik.<br \/>Li\u015bcie stewii posiadaj\u0105 wiele minera\u0142\u00f3w oraz witamin. Ka\u017cda z trzech ods\u0142on PROPSSa jest oparta o naturalne sk\u0142adniki kt\u00f3re w nieszablonowym po\u0142\u0105czeniu daj\u0105 nam genialny smak, aromat oraz barw\u0119.<\/p><p>Kolejnym atutem s\u0105 dobroczynne w\u0142a\u015bciwo\u015bci kt\u00f3re mog\u0105 nas wspiera\u0107<br \/>z problemami cywilizacyjnymi z jakimi si\u0119 boryka ka\u017cdy cz\u0142owiek. Wygl\u0105da<br \/>na zwyk\u0142y nap\u00f3j, natomiast jego zawarto\u015b\u0107 czyni go niezwyk\u0142ym bez ogranicze\u0144 wiekowych.<\/p>\t\t\t\t\t\t\t\t<\/div>\n\t\t\t\t<\/div>\n\t\t\t\t\t<\/div>\n\t\t<\/div>\n\t\t\t\t\t<\/div>\n\t\t<\/section>\n\t\t\t\t<section class=\"elementor-section elementor-top-section elementor-element elementor-element-7f41a60 elementor-section-boxed elementor-section-height-default elementor-section-height-default elementor-invisible\" data-id=\"7f41a60\" data-element_type=\"section\" data-settings=\"{&quot;animation&quot;:&quot;fadeInUp&quot;}\">\n\t\t\t\t\t\t<div class=\"elementor-container elementor-column-gap-default\">\n\t\t\t\t\t<div class=\"elementor-column elementor-col-50 elementor-top-column elementor-element elementor-element-a684eec\" data-id=\"a684eec\" data-element_type=\"column\">\n\t\t\t<div class=\"elementor-widget-wrap elementor-element-populated\">\n\t\t\t\t\t\t<div class=\"elementor-element elementor-element-545a353 elementor-widget elementor-widget-heading\" data-id=\"545a353\" data-element_type=\"widget\" data-widget_type=\"heading.default\">\n\t\t\t\t<div class=\"elementor-widget-container\">\n\t\t\t\t\t<h2 class=\"elementor-heading-title elementor-size-default\">PROPOLIS<\/h2>\t\t\t\t<\/div>\n\t\t\t\t<\/div>\n\t\t\t\t<div class=\"elementor-element elementor-element-9c60c4d elementor-widget elementor-widget-text-editor\" data-id=\"9c60c4d\" data-element_type=\"widget\" data-widget_type=\"text-editor.default\">\n\t\t\t\t<div class=\"elementor-widget-container\">\n\t\t\t\t\t\t\t\t\t<p><strong>Wszystkie nasze napoje \u0142\u0105czy propolis i naturalne sk\u0142adniki.<br><\/strong><\/p>\n<p>Wytwarzana przez pszczo\u0142y bomba mikro i makroelement\u00f3w, flawonoid\u00f3w i sk\u0142adnik\u00f3w od\u017cywczych.<br>Propss to jedyny nap\u00f3j bezalkoholowy z propolisem. Propolis zawiera ponad 300 substancji<br>niezb\u0119dnych do prawid\u0142owego funkcjonowania ludzkiego organizmu.<br>Mi\u0119dzy innymi s\u0105 to flawonoidy, kwasy fenolowe, estry, sterole\u2026<br>To naprawd\u0119 niesamowita substancja. PROPSS jako pierwszy na \u015bwiecie wytwarza napoje bezalkoholowe, kt\u00f3re zawieraj\u0105 ten niezwyk\u0142y dar natury.<\/p>\n<p><strong>Jakie prozdrowotne w\u0142a\u015bciwo\u015bci ma propolis?<\/strong><\/p><p><span style=\"font-style: inherit; font-weight: inherit; background-color: var(--ast-global-color-4);\">Hamuje rozw\u00f3j bakterii, wirus\u00f3w i grzyb\u00f3w, pomaga na zapalenia dzi\u0105se\u0142 i afty.&nbsp;<\/span><span style=\"font-style: inherit; font-weight: inherit; background-color: var(--ast-global-color-4);\">Cho\u0107 dla nas mega wa\u017cny by\u0142 jego delikatny, charakterystyczny aromat, kt\u00f3ry sprawia, \u017ce nasze napoje&nbsp;<\/span><span style=\"font-style: inherit; font-weight: inherit; background-color: var(--ast-global-color-4);\">smakuj\u0105 wyj\u0105tkowo i s\u0105 absolutnie na Propssie.<\/span><\/p>\t\t\t\t\t\t\t\t<\/div>\n\t\t\t\t<\/div>\n\t\t\t\t\t<\/div>\n\t\t<\/div>\n\t\t\t\t<div class=\"elementor-column elementor-col-50 elementor-top-column elementor-element elementor-element-acd0720\" data-id=\"acd0720\" data-element_type=\"column\">\n\t\t\t<div class=\"elementor-widget-wrap elementor-element-populated\">\n\t\t\t\t\t\t<div class=\"elementor-element elementor-element-698ba57 elementor-widget elementor-widget-image\" data-id=\"698ba57\" data-element_type=\"widget\" data-widget_type=\"image.default\">\n\t\t\t\t<div class=\"elementor-widget-container\">\n\t\t\t\t\t\t\t\t\t\t\t\t\t\t\t<img decoding=\"async\" width=\"2055\" height=\"2145\" src=\"https:\/\/propss.pl\/wp-content\/uploads\/2025\/02\/propolis.jpg\" class=\"elementor-animation-grow attachment-full size-full wp-image-241\" alt=\"\" srcset=\"https:\/\/propss.pl\/wp-content\/uploads\/2025\/02\/propolis.jpg 2055w, https:\/\/propss.pl\/wp-content\/uploads\/2025\/02\/propolis-287x300.jpg 287w, https:\/\/propss.pl\/wp-content\/uploads\/2025\/02\/propolis-981x1024.jpg 981w, https:\/\/propss.pl\/wp-content\/uploads\/2025\/02\/propolis-768x802.jpg 768w, https:\/\/propss.pl\/wp-content\/uploads\/2025\/02\/propolis-1472x1536.jpg 1472w, https:\/\/propss.pl\/wp-content\/uploads\/2025\/02\/propolis-1962x2048.jpg 1962w\" sizes=\"(max-width: 2055px) 100vw, 2055px\" \/>\t\t\t\t\t\t\t\t\t\t\t\t\t\t\t<\/div>\n\t\t\t\t<\/div>\n\t\t\t\t\t<\/div>\n\t\t<\/div>\n\t\t\t\t\t<\/div>\n\t\t<\/section>\n\t\t\t\t<section class=\"elementor-section elementor-top-section elementor-element elementor-element-060525c elementor-section-stretched elementor-section-boxed elementor-section-height-default elementor-section-height-default\" data-id=\"060525c\" data-element_type=\"section\" data-settings=\"{&quot;stretch_section&quot;:&quot;section-stretched&quot;}\">\n\t\t\t\t\t\t<div class=\"elementor-container elementor-column-gap-default\">\n\t\t\t\t\t<div class=\"elementor-column elementor-col-100 elementor-top-column elementor-element elementor-element-7d6a129\" data-id=\"7d6a129\" data-element_type=\"column\">\n\t\t\t<div class=\"elementor-widget-wrap elementor-element-populated\">\n\t\t\t\t\t\t<div class=\"elementor-element elementor-element-3889e1a e-transform elementor-invisible elementor-widget elementor-widget-image\" data-id=\"3889e1a\" data-element_type=\"widget\" data-settings=\"{&quot;_animation&quot;:&quot;rollIn&quot;,&quot;_transform_scale_effect_hover&quot;:{&quot;unit&quot;:&quot;px&quot;,&quot;size&quot;:1.5,&quot;sizes&quot;:[]},&quot;_transform_scale_effect_hover_tablet&quot;:{&quot;unit&quot;:&quot;px&quot;,&quot;size&quot;:&quot;&quot;,&quot;sizes&quot;:[]},&quot;_transform_scale_effect_hover_mobile&quot;:{&quot;unit&quot;:&quot;px&quot;,&quot;size&quot;:&quot;&quot;,&quot;sizes&quot;:[]}}\" data-widget_type=\"image.default\">\n\t\t\t\t<div class=\"elementor-widget-container\">\n\t\t\t\t\t\t\t\t\t\t\t\t\t\t\t\t<a href=\"http:\/\/robocza.propss.pl\/index.php\/nasze-propssy\/\">\n\t\t\t\t\t\t\t<img decoding=\"async\" width=\"1218\" height=\"868\" src=\"https:\/\/propss.pl\/wp-content\/uploads\/2025\/02\/ulotka_A5_tyl.jpg\" class=\"attachment-full size-full wp-image-388\" alt=\"\" srcset=\"https:\/\/propss.pl\/wp-content\/uploads\/2025\/02\/ulotka_A5_tyl.jpg 1218w, https:\/\/propss.pl\/wp-content\/uploads\/2025\/02\/ulotka_A5_tyl-300x214.jpg 300w, https:\/\/propss.pl\/wp-content\/uploads\/2025\/02\/ulotka_A5_tyl-1024x730.jpg 1024w, https:\/\/propss.pl\/wp-content\/uploads\/2025\/02\/ulotka_A5_tyl-768x547.jpg 768w, https:\/\/propss.pl\/wp-content\/uploads\/2025\/02\/ulotka_A5_tyl-600x428.jpg 600w, https:\/\/propss.pl\/wp-content\/uploads\/2025\/02\/ulotka_A5_tyl-170x121.jpg 170w\" sizes=\"(max-width: 1218px) 100vw, 1218px\" \/>\t\t\t\t\t\t\t\t<\/a>\n\t\t\t\t\t\t\t\t\t\t\t\t\t\t\t<\/div>\n\t\t\t\t<\/div>\n\t\t\t\t\t<\/div>\n\t\t<\/div>\n\t\t\t\t\t<\/div>\n\t\t<\/section>\n\t\t\t\t<\/div>\n\t\t","protected":false},"excerpt":{"rendered":"<p>TRZEJ PRZYJACIELE&#8230; Z PROPSS Marka PROPSS to alternatywne podej\u015bcie do rynku napoj\u00f3w bezalkoholowych. Pierwszym filarem \u0142\u0105cz\u0105cym ka\u017cdy nasz nap\u00f3j jest [&hellip;]<\/p>\n","protected":false},"author":1,"featured_media":0,"parent":0,"menu_order":0,"comment_status":"closed","ping_status":"closed","template":"","meta":{"site-sidebar-layout":"no-sidebar","site-content-layout":"","ast-site-content-layout":"full-width-container","site-content-style":"default","site-sidebar-style":"default","ast-global-header-display":"","ast-banner-title-visibility":"","ast-main-header-display":"","ast-hfb-above-header-display":"","ast-hfb-below-header-display":"","ast-hfb-mobile-header-display":"","site-post-title":"disabled","ast-breadcrumbs-content":"","ast-featured-img":"disabled","footer-sml-layout":"","theme-transparent-header-meta":"","adv-header-id-meta":"","stick-header-meta":"","header-above-stick-meta":"","header-main-stick-meta":"","header-below-stick-meta":"","astra-migrate-meta-layouts":"default","ast-page-background-enabled":"default","ast-page-background-meta":{"desktop":{"background-color":"var(--ast-global-color-5)","background-image":"","background-repeat":"repeat","background-position":"center center","background-size":"auto","background-attachment":"scroll","background-type":"","background-media":"","overlay-type":"","overlay-color":"","overlay-opacity":"","overlay-gradient":""},"tablet":{"background-color":"","background-image":"","background-repeat":"repeat","background-position":"center center","background-size":"auto","background-attachment":"scroll","background-type":"","background-media":"","overlay-type":"","overlay-color":"","overlay-opacity":"","overlay-gradient":""},"mobile":{"background-color":"","background-image":"","background-repeat":"repeat","background-position":"center center","background-size":"auto","background-attachment":"scroll","background-type":"","background-media":"","overlay-type":"","overlay-color":"","overlay-opacity":"","overlay-gradient":""}},"ast-content-background-meta":{"desktop":{"background-color":"var(--ast-global-color-4)","background-image":"","background-repeat":"repeat","background-position":"center center","background-size":"auto","background-attachment":"scroll","background-type":"","background-media":"","overlay-type":"","overlay-color":"","overlay-opacity":"","overlay-gradient":""},"tablet":{"background-color":"var(--ast-global-color-4)","background-image":"","background-repeat":"repeat","background-position":"center center","background-size":"auto","background-attachment":"scroll","background-type":"","background-media":"","overlay-type":"","overlay-color":"","overlay-opacity":"","overlay-gradient":""},"mobile":{"background-color":"var(--ast-global-color-4)","background-image":"","background-repeat":"repeat","background-position":"center center","background-size":"auto","background-attachment":"scroll","background-type":"","background-media":"","overlay-type":"","overlay-color":"","overlay-opacity":"","overlay-gradient":""}},"footnotes":""},"class_list":["post-227","page","type-page","status-publish","hentry"],"_links":{"self":[{"href":"http:\/\/propss.pl\/index.php\/wp-json\/wp\/v2\/pages\/227","targetHints":{"allow":["GET"]}}],"collection":[{"href":"http:\/\/propss.pl\/index.php\/wp-json\/wp\/v2\/pages"}],"about":[{"href":"http:\/\/propss.pl\/index.php\/wp-json\/wp\/v2\/types\/page"}],"author":[{"embeddable":true,"href":"http:\/\/propss.pl\/index.php\/wp-json\/wp\/v2\/users\/1"}],"replies":[{"embeddable":true,"href":"http:\/\/propss.pl\/index.php\/wp-json\/wp\/v2\/comments?post=227"}],"version-history":[{"count":40,"href":"http:\/\/propss.pl\/index.php\/wp-json\/wp\/v2\/pages\/227\/revisions"}],"predecessor-version":[{"id":754,"href":"http:\/\/propss.pl\/index.php\/wp-json\/wp\/v2\/pages\/227\/revisions\/754"}],"wp:attachment":[{"href":"http:\/\/propss.pl\/index.php\/wp-json\/wp\/v2\/media?parent=227"}],"curies":[{"name":"wp","href":"https:\/\/api.w.org\/{rel}","templated":true}]}}