{"id":277,"date":"2025-02-02T23:39:37","date_gmt":"2025-02-02T22:39:37","guid":{"rendered":"http:\/\/propss.pl\/?post_type=product&#038;p=277"},"modified":"2025-07-10T12:27:04","modified_gmt":"2025-07-10T11:27:04","slug":"cola-weglowa","status":"publish","type":"product","link":"http:\/\/propss.pl\/index.php\/produkt\/cola-weglowa\/","title":{"rendered":"Cola w\u0119glowa"},"content":{"rendered":"<p><strong>Nap\u00f3j kt\u00f3ry mia\u017cd\u017cy stereotyp niezdrowego napoju.<\/strong><\/p>\n<p>Tworzymy go z naturalnych ekstrakt\u00f3w orzech\u00f3w koli, kt\u00f3re niegdy\u015b by\u0142y wykorzystywane w walce z migren\u0105, b\u00f3lem g\u0142owy i problemami trawiennymi. Przy produkcji wykorzystujemy w\u0119giel aktywny kt\u00f3ry charakteryzuje si\u0119 oczyszczaniem z \u00a0toksyn i szkodliwych substancji. Nasza cola jest idealna dla ka\u017cdego w tym dzieci, os\u00f3b borykaj\u0105cych si\u0119 z nadci\u015bnieniem oraz kobiet w ci\u0105\u017cy bo nie zawiera \u00a0kofeiny.<\/p>\n<p dir=\"ltr\"><strong>Cola<\/strong><\/p>\n<p>&nbsp;<\/p>\n<p dir=\"ltr\">Nap\u00f3j gazowany, pasteryzowany, bez sztucznych konserwant\u00f3w i barwnik\u00f3w. Spo\u017cywa\u0107 sch\u0142odzony.<\/p>\n<p dir=\"ltr\">Sk\u0142ad: Woda; cukier trzcinowy; dwutlenek w\u0119gla; koncentrat cytrynowy; barwnik naturalny- karmel; aromaty naturalne; regulator kwasowo\u015bci &#8211; kwas cytrynowy; ekstrakt propolisu; substancja s\u0142odz\u0105ca -stewia; w\u0119giel aktywny.<\/p>\n<p dir=\"ltr\">Obj\u0119to\u015b\u0107 netto 330 ml<\/p>\n<p dir=\"ltr\">Warto\u015b\u0107 od\u017cywcza w 100ml :<br \/>\nWarto\u015b\u0107 energetyczna 95,77 kJ\/22,56 kcal<br \/>\nt\u0142uszcz 0,07g w tym kwasy t\u0142uszczowe nasycone 0,01g<br \/>\nW\u0119glowodany 5,03g w tym cukry 5,03g<br \/>\nBia\u0142ko 0,09g<br \/>\nS\u00f3l 0,01g<\/p>\n<p><span style=\"color: #ff3333;\"><b>DARMOWA DOSTAWA OD 100 Z\u0141 !<\/b><\/span><\/p>\n","protected":false},"excerpt":{"rendered":"<p><strong>Nap\u00f3j kt\u00f3ry mia\u017cd\u017cy stereotyp niezdrowego napoju.<\/strong><\/p>\n<p>Tworzymy go z naturalnych ekstrakt\u00f3w orzech\u00f3w koli, kt\u00f3re niegdy\u015b by\u0142y wykorzystywane w walce z migren\u0105, b\u00f3lem g\u0142owy i problemami trawiennymi. Przy produkcji wykorzystujemy w\u0119giel aktywny kt\u00f3ry charakteryzuje si\u0119 oczyszczaniem z \u00a0toksyn i szkodliwych substancji. Nasza cola jest idealna dla ka\u017cdego w tym dzieci, os\u00f3b borykaj\u0105cych si\u0119 z nadci\u015bnieniem oraz kobiet w ci\u0105\u017cy bo nie zawiera \u00a0kofeiny.<\/p>\n","protected":false},"featured_media":254,"comment_status":"open","ping_status":"closed","template":"","meta":{"site-sidebar-layout":"default","site-content-layout":"","ast-site-content-layout":"default","site-content-style":"default","site-sidebar-style":"default","ast-global-header-display":"","ast-banner-title-visibility":"","ast-main-header-display":"","ast-hfb-above-header-display":"","ast-hfb-below-header-display":"","ast-hfb-mobile-header-display":"","site-post-title":"","ast-breadcrumbs-content":"","ast-featured-img":"","footer-sml-layout":"","theme-transparent-header-meta":"default","adv-header-id-meta":"","stick-header-meta":"","header-above-stick-meta":"","header-main-stick-meta":"","header-below-stick-meta":"","astra-migrate-meta-layouts":"set","ast-page-background-enabled":"default","ast-page-background-meta":{"desktop":{"background-color":"var(--ast-global-color-5)","background-image":"","background-repeat":"repeat","background-position":"center center","background-size":"auto","background-attachment":"scroll","background-type":"","background-media":"","overlay-type":"","overlay-color":"","overlay-opacity":"","overlay-gradient":""},"tablet":{"background-color":"","background-image":"","background-repeat":"repeat","background-position":"center center","background-size":"auto","background-attachment":"scroll","background-type":"","background-media":"","overlay-type":"","overlay-color":"","overlay-opacity":"","overlay-gradient":""},"mobile":{"background-color":"","background-image":"","background-repeat":"repeat","background-position":"center center","background-size":"auto","background-attachment":"scroll","background-type":"","background-media":"","overlay-type":"","overlay-color":"","overlay-opacity":"","overlay-gradient":""}},"ast-content-background-meta":{"desktop":{"background-color":"var(--ast-global-color-4)","background-image":"","background-repeat":"repeat","background-position":"center center","background-size":"auto","background-attachment":"scroll","background-type":"","background-media":"","overlay-type":"","overlay-color":"","overlay-opacity":"","overlay-gradient":""},"tablet":{"background-color":"var(--ast-global-color-4)","background-image":"","background-repeat":"repeat","background-position":"center center","background-size":"auto","background-attachment":"scroll","background-type":"","background-media":"","overlay-type":"","overlay-color":"","overlay-opacity":"","overlay-gradient":""},"mobile":{"background-color":"var(--ast-global-color-4)","background-image":"","background-repeat":"repeat","background-position":"center center","background-size":"auto","background-attachment":"scroll","background-type":"","background-media":"","overlay-type":"","overlay-color":"","overlay-opacity":"","overlay-gradient":""}}},"product_brand":[19],"product_cat":[18],"product_tag":[],"class_list":{"0":"post-277","1":"product","2":"type-product","3":"status-publish","4":"has-post-thumbnail","6":"product_brand-propss","7":"product_cat-propssy","8":"desktop-align-left","9":"tablet-align-left","10":"mobile-align-left","12":"first","13":"instock","14":"taxable","15":"shipping-taxable","16":"purchasable","17":"product-type-simple"},"_links":{"self":[{"href":"http:\/\/propss.pl\/index.php\/wp-json\/wp\/v2\/product\/277","targetHints":{"allow":["GET"]}}],"collection":[{"href":"http:\/\/propss.pl\/index.php\/wp-json\/wp\/v2\/product"}],"about":[{"href":"http:\/\/propss.pl\/index.php\/wp-json\/wp\/v2\/types\/product"}],"replies":[{"embeddable":true,"href":"http:\/\/propss.pl\/index.php\/wp-json\/wp\/v2\/comments?post=277"}],"wp:featuredmedia":[{"embeddable":true,"href":"http:\/\/propss.pl\/index.php\/wp-json\/wp\/v2\/media\/254"}],"wp:attachment":[{"href":"http:\/\/propss.pl\/index.php\/wp-json\/wp\/v2\/media?parent=277"}],"wp:term":[{"taxonomy":"product_brand","embeddable":true,"href":"http:\/\/propss.pl\/index.php\/wp-json\/wp\/v2\/product_brand?post=277"},{"taxonomy":"product_cat","embeddable":true,"href":"http:\/\/propss.pl\/index.php\/wp-json\/wp\/v2\/product_cat?post=277"},{"taxonomy":"product_tag","embeddable":true,"href":"http:\/\/propss.pl\/index.php\/wp-json\/wp\/v2\/product_tag?post=277"}],"curies":[{"name":"wp","href":"https:\/\/api.w.org\/{rel}","templated":true}]}}