{"id":282,"date":"2025-02-02T23:45:03","date_gmt":"2025-02-02T22:45:03","guid":{"rendered":"http:\/\/propss.pl\/?post_type=product&#038;p=282"},"modified":"2025-07-10T12:26:31","modified_gmt":"2025-07-10T11:26:31","slug":"moringa","status":"publish","type":"product","link":"http:\/\/propss.pl\/index.php\/produkt\/moringa\/","title":{"rendered":"Moringa"},"content":{"rendered":"<p>I \u017cyli d\u0142ugo i szcz\u0119\u015bliwie\u2026 <strong>moringa i grawiola\u2026<\/strong><\/p>\n<p><strong>A chcia\u0142by\u015b \u017cy\u0107 wiecznie?? W sumie to nic nie ryzykujesz. wi\u0119c spr\u00f3buj PROPSSa Moringa a czas poka\u017ce.\u00a0<\/strong>Moringa jest znana jako drzewo d\u0142ugowieczno\u015bci bo jest\u00a0 jedn\u0105 z ro\u015blin, kt\u00f3ra ma mega pojemno\u015b\u0107 antyoksydacyjn\u0105. Polega to na tym, \u017ce naturalne substancje w niej zawarte wychwytuj\u0105 wolne rodniki i je eliminuj\u0105. Dodali\u015bmy te\u017c troszk\u0119 gravioli. Dzi\u0119ki niej przemiana materii jest prawid\u0142owa a samopoczucie z rana ca\u0142kiem przyzwoite.<\/p>\n<p>Brzmi egzotycznie?- taki by\u0142 zamys\u0142. Jednak to co nas sk\u0142oni\u0142o wybieraj\u0105c te owoce to oczywi\u015bcie ich niepowtarzalny wp\u0142yw na nasz organizm. Moringa to wsparcie dla uk\u0142adu odporno\u015bciowego, nerwowego, kr\u0105\u017ceniowego i trawiennego. Graviola reguluje prac\u0119 metabolizmu cz\u0142owieka.<\/p>\n<p dir=\"ltr\"><strong>Moringa<\/strong><\/p>\n<p dir=\"ltr\">Nap\u00f3j gazowany, pasteryzowany, bez sztucznych konserwant\u00f3w i barwnik\u00f3w. Spo\u017cywa\u0107 sch\u0142odzony.<\/p>\n<p dir=\"ltr\">Sk\u0142ad: Woda; cukier trzcinowy; dwutlenek w\u0119gla; koncentrat soku jab\u0142kowego; koncentrat soku cytrynowego; kwas cytrynowy; koncentrat soku truskawkowego; ekstrakt propolisu; ekstrakt gravioli; barwnik: sacharoza; ekstrakt z krokosza barwierskiego, kwas cytrynowy, chrolofiryna; aromaty naturalne, aromat naturalny truskawkowy z innymi naturalnymi aromatami; stevia; ekstrakt z moringi<\/p>\n<p dir=\"ltr\">Obj\u0119to\u015b\u0107 netto 330 ml<br \/>\nWarto\u015b\u0107 od\u017cywcza w 100ml :<br \/>\nWarto\u015b\u0107 energetyczna 109,15 kJ\/26,07 kcal<br \/>\nt\u0142uszcz 0,07g w tym kwasy t\u0142uszczowe nasycone 0,02g<br \/>\nW\u0119glowodany 5,82g w tym cukry 5,82g<br \/>\nBia\u0142ko 0,07g<br \/>\nS\u00f3l 0,02g<\/p>\n<p><span style=\"color: #ff3333;\"><b>DARMOWA DOSTAWA OD 100 Z\u0141 !<\/b><\/span><\/p>\n","protected":false},"excerpt":{"rendered":"<p>I \u017cyli d\u0142ugo i szcz\u0119\u015bliwie\u2026 <strong>moringa i grawiola\u2026<\/strong><\/p>\n<p><strong>A chcia\u0142by\u015b \u017cy\u0107 wiecznie?? W sumie to nic nie ryzykujesz. wi\u0119c spr\u00f3buj PROPSSa Moringa a czas poka\u017ce.\u00a0<\/strong>Moringa jest znana jako drzewo d\u0142ugowieczno\u015bci bo jest\u00a0 jedn\u0105 z ro\u015blin, kt\u00f3ra ma mega pojemno\u015b\u0107 antyoksydacyjn\u0105. Polega to na tym, \u017ce naturalne substancje w niej zawarte wychwytuj\u0105 wolne rodniki i je eliminuj\u0105. Dodali\u015bmy te\u017c troszk\u0119 gravioli. Dzi\u0119ki niej przemiana materii jest prawid\u0142owa a samopoczucie z rana ca\u0142kiem przyzwoite.<\/p>\n<p>Brzmi egzotycznie?- taki by\u0142 zamys\u0142. Jednak to co nas sk\u0142oni\u0142o wybieraj\u0105c te owoce to oczywi\u015bcie ich niepowtarzalny wp\u0142yw na nasz organizm. Moringa to wsparcie dla uk\u0142adu odporno\u015bciowego, nerwowego, kr\u0105\u017ceniowego i trawiennego. Graviola reguluje prac\u0119 metabolizmu cz\u0142owieka.<\/p>\n","protected":false},"featured_media":258,"comment_status":"open","ping_status":"closed","template":"","meta":{"site-sidebar-layout":"default","site-content-layout":"","ast-site-content-layout":"default","site-content-style":"default","site-sidebar-style":"default","ast-global-header-display":"","ast-banner-title-visibility":"","ast-main-header-display":"","ast-hfb-above-header-display":"","ast-hfb-below-header-display":"","ast-hfb-mobile-header-display":"","site-post-title":"","ast-breadcrumbs-content":"","ast-featured-img":"","footer-sml-layout":"","theme-transparent-header-meta":"default","adv-header-id-meta":"","stick-header-meta":"","header-above-stick-meta":"","header-main-stick-meta":"","header-below-stick-meta":"","astra-migrate-meta-layouts":"set","ast-page-background-enabled":"default","ast-page-background-meta":{"desktop":{"background-color":"var(--ast-global-color-5)","background-image":"","background-repeat":"repeat","background-position":"center center","background-size":"auto","background-attachment":"scroll","background-type":"","background-media":"","overlay-type":"","overlay-color":"","overlay-opacity":"","overlay-gradient":""},"tablet":{"background-color":"","background-image":"","background-repeat":"repeat","background-position":"center center","background-size":"auto","background-attachment":"scroll","background-type":"","background-media":"","overlay-type":"","overlay-color":"","overlay-opacity":"","overlay-gradient":""},"mobile":{"background-color":"","background-image":"","background-repeat":"repeat","background-position":"center center","background-size":"auto","background-attachment":"scroll","background-type":"","background-media":"","overlay-type":"","overlay-color":"","overlay-opacity":"","overlay-gradient":""}},"ast-content-background-meta":{"desktop":{"background-color":"var(--ast-global-color-4)","background-image":"","background-repeat":"repeat","background-position":"center center","background-size":"auto","background-attachment":"scroll","background-type":"","background-media":"","overlay-type":"","overlay-color":"","overlay-opacity":"","overlay-gradient":""},"tablet":{"background-color":"var(--ast-global-color-4)","background-image":"","background-repeat":"repeat","background-position":"center center","background-size":"auto","background-attachment":"scroll","background-type":"","background-media":"","overlay-type":"","overlay-color":"","overlay-opacity":"","overlay-gradient":""},"mobile":{"background-color":"var(--ast-global-color-4)","background-image":"","background-repeat":"repeat","background-position":"center center","background-size":"auto","background-attachment":"scroll","background-type":"","background-media":"","overlay-type":"","overlay-color":"","overlay-opacity":"","overlay-gradient":""}}},"product_brand":[19],"product_cat":[18],"product_tag":[],"class_list":{"0":"post-282","1":"product","2":"type-product","3":"status-publish","4":"has-post-thumbnail","6":"product_brand-propss","7":"product_cat-propssy","8":"desktop-align-left","9":"tablet-align-left","10":"mobile-align-left","12":"first","13":"instock","14":"taxable","15":"shipping-taxable","16":"purchasable","17":"product-type-simple"},"_links":{"self":[{"href":"http:\/\/propss.pl\/index.php\/wp-json\/wp\/v2\/product\/282","targetHints":{"allow":["GET"]}}],"collection":[{"href":"http:\/\/propss.pl\/index.php\/wp-json\/wp\/v2\/product"}],"about":[{"href":"http:\/\/propss.pl\/index.php\/wp-json\/wp\/v2\/types\/product"}],"replies":[{"embeddable":true,"href":"http:\/\/propss.pl\/index.php\/wp-json\/wp\/v2\/comments?post=282"}],"wp:featuredmedia":[{"embeddable":true,"href":"http:\/\/propss.pl\/index.php\/wp-json\/wp\/v2\/media\/258"}],"wp:attachment":[{"href":"http:\/\/propss.pl\/index.php\/wp-json\/wp\/v2\/media?parent=282"}],"wp:term":[{"taxonomy":"product_brand","embeddable":true,"href":"http:\/\/propss.pl\/index.php\/wp-json\/wp\/v2\/product_brand?post=282"},{"taxonomy":"product_cat","embeddable":true,"href":"http:\/\/propss.pl\/index.php\/wp-json\/wp\/v2\/product_cat?post=282"},{"taxonomy":"product_tag","embeddable":true,"href":"http:\/\/propss.pl\/index.php\/wp-json\/wp\/v2\/product_tag?post=282"}],"curies":[{"name":"wp","href":"https:\/\/api.w.org\/{rel}","templated":true}]}}