{"id":610,"date":"2025-07-03T21:48:05","date_gmt":"2025-07-03T20:48:05","guid":{"rendered":"https:\/\/propss.pl\/?post_type=product&#038;p=610"},"modified":"2025-07-10T12:26:45","modified_gmt":"2025-07-10T11:26:45","slug":"szafran-2","status":"publish","type":"product","link":"https:\/\/propss.pl\/index.php\/produkt\/szafran-2\/","title":{"rendered":"Szafran"},"content":{"rendered":"<p><strong>Propss Szafran to smak, kt\u00f3ry trudno por\u00f3wna\u0107 z czym\u015b, co znasz.<\/strong> A dodatkowo relaks, czila\u0142t i lepszy sen.\u00a0Szafran jako przyprawa, lek i barwnik jest znany od staro\u017cytno\u015bci. To \u017ar\u00f3d\u0142o pomara\u0144czowo\u017c\u00f3\u0142tego koloru i korzennego aromatu. Wywo\u0142uje dobry nastr\u00f3j i pomaga \u0142agodzi\u0107 objawy depresyjne, wspomagaj\u0105c produkcj\u0119 serotoniny i dopaminy. M\u0119czennica z kolei, poza tym, \u017ce jest pyszna, u\u0142atwia odpr\u0119\u017cenie, pomaga w zwalczaniu niepokoju, wspomaga zdrowy sen. Oczywi\u015bcie nasz nap\u00f3j nie jest lekarstwem, ale po pierwszym \u0142yku poczujesz, \u017ce pozbywasz si\u0119 trosk. Z Propssem Szafran mo\u017cesz czilowa\u0107 w spokoju. A lekkie b\u0105belki sprawi\u0105, \u017ce b\u0119dzie tylko milej.<\/p>\n<p><strong>Szafran<\/strong><\/p>\n<p>Nap\u00f3j gazowany, pasteryzowany, bez sztucznych konserwant\u00f3w i barwnik\u00f3w. Spo\u017cywa\u0107 sch\u0142odzony.<\/p>\n<p>Sk\u0142ad: Woda; cukier trzcinowy; dwutlenek w\u0119gla; koncentrat pomara\u0144czowy; koncentrat gruszkowy; koncentrat mango; regulator kwasowo\u015bci &#8211; kwas cytrynowy; aromaty naturalne; ekstrakt z propolisu; barwnik naturalny koncentrat z marchwi, s\u0142onecznika i jab\u0142ka; ekstrakt szafranu; ekstrakt m\u0119czennicy; substancja s\u0142odz\u0105ca- stewia<\/p>\n<p>Obj\u0119to\u015b\u0107 netto 330 ml<\/p>\n<p>Warto\u015b\u0107 od\u017cywcza w 100ml :<br \/>\nWarto\u015b\u0107 energetyczna 100,05 kJ\/23,70 kcal<br \/>\nt\u0142uszcz 0,05 g w tym kwasy t\u0142uszczowe nasycone 0,01g<br \/>\nW\u0119glowodany 5,94 g w tym cukry 5,94 g<br \/>\nBia\u0142ko 0,10g<br \/>\nS\u00f3l 0,01g<\/p>\n<p>&nbsp;<\/p>\n<p><span style=\"color: #ff3333;\"><b>DARMOWA DOSTAWA OD 100 Z\u0141 !<\/b><\/span><\/p>\n","protected":false},"excerpt":{"rendered":"<p>Propss Szafran to smak, kt\u00f3ry trudno por\u00f3wna\u0107 z czym\u015b, co znasz. A dodatkowo relaks, czila\u0142t i lepszy sen.\u00a0Szafran jako przyprawa, [&hellip;]<\/p>\n","protected":false},"featured_media":259,"comment_status":"open","ping_status":"closed","template":"","meta":{"site-sidebar-layout":"default","site-content-layout":"","ast-site-content-layout":"default","site-content-style":"default","site-sidebar-style":"default","ast-global-header-display":"","ast-banner-title-visibility":"","ast-main-header-display":"","ast-hfb-above-header-display":"","ast-hfb-below-header-display":"","ast-hfb-mobile-header-display":"","site-post-title":"","ast-breadcrumbs-content":"","ast-featured-img":"","footer-sml-layout":"","theme-transparent-header-meta":"default","adv-header-id-meta":"","stick-header-meta":"","header-above-stick-meta":"","header-main-stick-meta":"","header-below-stick-meta":"","astra-migrate-meta-layouts":"set","ast-page-background-enabled":"default","ast-page-background-meta":{"desktop":{"background-color":"var(--ast-global-color-5)","background-image":"","background-repeat":"repeat","background-position":"center center","background-size":"auto","background-attachment":"scroll","background-type":"","background-media":"","overlay-type":"","overlay-color":"","overlay-opacity":"","overlay-gradient":""},"tablet":{"background-color":"","background-image":"","background-repeat":"repeat","background-position":"center center","background-size":"auto","background-attachment":"scroll","background-type":"","background-media":"","overlay-type":"","overlay-color":"","overlay-opacity":"","overlay-gradient":""},"mobile":{"background-color":"","background-image":"","background-repeat":"repeat","background-position":"center center","background-size":"auto","background-attachment":"scroll","background-type":"","background-media":"","overlay-type":"","overlay-color":"","overlay-opacity":"","overlay-gradient":""}},"ast-content-background-meta":{"desktop":{"background-color":"var(--ast-global-color-4)","background-image":"","background-repeat":"repeat","background-position":"center center","background-size":"auto","background-attachment":"scroll","background-type":"","background-media":"","overlay-type":"","overlay-color":"","overlay-opacity":"","overlay-gradient":""},"tablet":{"background-color":"var(--ast-global-color-4)","background-image":"","background-repeat":"repeat","background-position":"center center","background-size":"auto","background-attachment":"scroll","background-type":"","background-media":"","overlay-type":"","overlay-color":"","overlay-opacity":"","overlay-gradient":""},"mobile":{"background-color":"var(--ast-global-color-4)","background-image":"","background-repeat":"repeat","background-position":"center center","background-size":"auto","background-attachment":"scroll","background-type":"","background-media":"","overlay-type":"","overlay-color":"","overlay-opacity":"","overlay-gradient":""}}},"product_brand":[],"product_cat":[18],"product_tag":[],"class_list":{"0":"post-610","1":"product","2":"type-product","3":"status-publish","4":"has-post-thumbnail","6":"product_cat-propssy","7":"desktop-align-left","8":"tablet-align-left","9":"mobile-align-left","11":"first","12":"instock","13":"taxable","14":"shipping-taxable","15":"purchasable","16":"product-type-simple"},"_links":{"self":[{"href":"https:\/\/propss.pl\/index.php\/wp-json\/wp\/v2\/product\/610","targetHints":{"allow":["GET"]}}],"collection":[{"href":"https:\/\/propss.pl\/index.php\/wp-json\/wp\/v2\/product"}],"about":[{"href":"https:\/\/propss.pl\/index.php\/wp-json\/wp\/v2\/types\/product"}],"replies":[{"embeddable":true,"href":"https:\/\/propss.pl\/index.php\/wp-json\/wp\/v2\/comments?post=610"}],"wp:featuredmedia":[{"embeddable":true,"href":"https:\/\/propss.pl\/index.php\/wp-json\/wp\/v2\/media\/259"}],"wp:attachment":[{"href":"https:\/\/propss.pl\/index.php\/wp-json\/wp\/v2\/media?parent=610"}],"wp:term":[{"taxonomy":"product_brand","embeddable":true,"href":"https:\/\/propss.pl\/index.php\/wp-json\/wp\/v2\/product_brand?post=610"},{"taxonomy":"product_cat","embeddable":true,"href":"https:\/\/propss.pl\/index.php\/wp-json\/wp\/v2\/product_cat?post=610"},{"taxonomy":"product_tag","embeddable":true,"href":"https:\/\/propss.pl\/index.php\/wp-json\/wp\/v2\/product_tag?post=610"}],"curies":[{"name":"wp","href":"https:\/\/api.w.org\/{rel}","templated":true}]}}